{"id":101,"date":"2017-08-28T16:07:03","date_gmt":"2017-08-28T15:07:03","guid":{"rendered":"http:\/\/hkmgoteborg.se\/?page_id=101"},"modified":"2023-10-13T09:41:14","modified_gmt":"2023-10-13T08:41:14","slug":"krstenje","status":"publish","type":"page","link":"https:\/\/hkmgoteborg.se\/?page_id=101","title":{"rendered":"KR\u0160TENJE-DOP"},"content":{"rendered":"\n<p><strong>U pripravi za sakrament neizostavno je poha\u0111anje svete mise.<\/strong><\/p>\n\n\n\n<div data-wp-interactive=\"core\/file\" class=\"wp-block-file\"><object data-wp-bind--hidden=\"!state.hasPdfPreview\" hidden class=\"wp-block-file__embed\" data=\"https:\/\/hkmgoteborg.se\/wp-content\/uploads\/2023\/10\/01-DH110-Anmalan-om-dop.pdf\" type=\"application\/pdf\" style=\"width:100%;height:200px\" aria-label=\"Ugra\u0111eno 01-DH110-Anmalan-om-dop.\"><\/object><a id=\"wp-block-file--media-63b5ef1f-c763-4d26-837f-4dddf3f86845\" href=\"https:\/\/hkmgoteborg.se\/wp-content\/uploads\/2023\/10\/01-DH110-Anmalan-om-dop.pdf\">01-DH110-Anmalan-om-dop<\/a><a href=\"https:\/\/hkmgoteborg.se\/wp-content\/uploads\/2023\/10\/01-DH110-Anmalan-om-dop.pdf\" class=\"wp-block-file__button wp-element-button\" download aria-describedby=\"wp-block-file--media-63b5ef1f-c763-4d26-837f-4dddf3f86845\">Download<\/a><\/div>\n\n\n\n<p class=\"has-text-color\" style=\"color:#d11919\"><a rel=\"noreferrer noopener\" href=\"https:\/\/forms.gle\/wHeGR1PzB7Q77tge6\" target=\"_blank\"><strong>DIGITALNA PRIJAVA ZA KR\u0160TENJE<\/strong><\/a> <strong> <\/strong>(kliknite na poveznicu\/link i ispunite mobitelom.<\/p>\n\n\n\n<div class=\"wp-block-file\"><a id=\"wp-block-file--media-33bc9aa5-b629-44f2-8f46-6ce50aa1d7c4\" href=\"https:\/\/hkmgoteborg.se\/wp-content\/uploads\/2020\/09\/01-DH510-Uppgifter-till-medlemsregistret.pdf\">01-DH510-Uppgifter-till-medlemsregistret<\/a><a href=\"https:\/\/hkmgoteborg.se\/wp-content\/uploads\/2020\/09\/01-DH510-Uppgifter-till-medlemsregistret.pdf\" class=\"wp-block-file__button wp-element-button\" download aria-describedby=\"wp-block-file--media-33bc9aa5-b629-44f2-8f46-6ce50aa1d7c4\">Download<\/a><\/div>\n\n\n<hr \/>\n<p><span style=\"color: #000000;\">Roditelji koji \u017eele krstiti dijete trebaju se javiti ranije kako bismo mogli na vrijeme rezervirati crkvu tj. dobiti termin. S obzirom da i druge zajednice koriste crkvu\/e potrebno je na vrijeme rezervirati istu. Roditelji se mogu najaviti telefonom, ali se svakako moramo sresti.\u00a0<\/span><\/p>\n<hr \/>\n<p><strong><em><span style=\"color: #c41818;\">POTREBNI DOKUMENTI:<\/span><\/em><\/strong><\/p>\n<ol>\n<li><span style=\"color: #c41818;\">ANM\u00c4LAN OM DOP \u00a0je potrebno ISPUNITI i predati \u00a0sve\u0107eniku<strong> potpisan<\/strong> od strane roditelja.<\/span><\/li>\n<li><span style=\"color: #c41818;\">PERSONBEVIS za dijete (Skatteverket)\u00a0<a href=\"https:\/\/hkmgoteborg.se\/krstenje\/\" target=\"_blank\" rel=\"noopener\">bestallpersonbevis <\/a>\u00a0<\/span>Personbevis med familjetillh\u00f6righet ska tas med fr\u00e5n Skatteverket.<\/li>\n<li><span style=\"color: #c91a1a;\">ISPUNITI DIGITALNU PRIJAVU (mobitelom ili ra\u010dunalom) <a class=\"components-external-link block-editor-link-control__search-item-title\" href=\"https:\/\/forms.gle\/wHeGR1PzB7Q77tge6\" target=\"_blank\" rel=\"external noreferrer noopener\">PRIJAVA ZA KR\u0160TENJE\/DOP<\/a><\/span><\/li>\n<li><span style=\"color: #333333;\">Roditelji i kumovi koji\u00a0<strong><em>nisu<\/em><\/strong> upisani u Katoli\u010dku Crkvu u \u0160vedskoj trebaju ispuniti i ovaj dokument:\u00a0<\/span><a href=\"https:\/\/hkmgoteborg.se\/wp-content\/uploads\/2020\/09\/01-DH510-Uppgifter-till-medlemsregistret.pdf\">01-DH510-Uppgifter-till-medlemsregistret<\/a>.\u00a0 Familjen ska vara registrerad i en katolsk f\u00f6rsamling.<\/li>\n<\/ol>\n<hr \/>\n<p><span style=\"color: #000000;\">P<span style=\"font-size: 1rem;\">reuzmite gore dokument u PDF formatu na ra\u010dunalo te ga ispunite na ra\u010dunalu u PDF programu i <strong>vlastoru\u010dno<\/strong> potpi\u0161ite. OBS! Ne mo\u017ee se ispuniti on line-potrebno ga je preuzeti (downlodirati).<\/span><\/span><\/p>\n<p><span style=\"color: #333333;\">Kum\/kuma treba imati sve sakramente i ako je u braku treba biti u crkvenom braku. Tako\u0111er, ako \u017eivi u \u0160vedskoj, treba biti \u010dlan Katoli\u010dke Crkve u \u0160vedskoj. (VIDI pod <a href=\"https:\/\/hkmgoteborg.se\/?page_id=327\">KYRKOAVGIFT\/CRKVENI DOPRINOS)<\/a> Ovaj formular prvo PREUZMITE i onda ispunite u PDF programu.<\/span><\/p>\n<p>En eventuell fadder ska vara registrerad i en katolsk f\u00f6rsamling, minst 16 \u00e5r gammal, konfirmerad och leva i enlighet med kyrkans ordning. Man kan l\u00e5ta icke-katolskt kristen vara vittne vid dopet. Maximalt tv\u00e5 faddrar: den ene man, den andra kvinna.<\/p>\n<p><span style=\"color: #333333;\">Ukoliko kumovi ne \u017eive u \u0160vedskoj, moraju prilo\u017eiti POSVJEDO\u010cENJE o kumovanju na kr\u0161tenju koje \u0107e im izdati njihov \u017eupnik. Ukoliko npr. \u017eive u Njema\u010dkoj ili nekoj drugoj dr\u017eavi tako\u0111er moraju donijeti POSVJEDO\u010cENJE da su \u010dlanovi Crkve u toj dr\u017eavi. Ukoliko su se ispisali ili napustili Crkvu, NE MOGU kumovati na kr\u0161tenju.\u00a0<\/span><\/p>\n<p>Det finns ingen avgift f\u00f6r dop . G\u00e5vor till missionen \u00e4r d\u00e4remot alltid v\u00e4lkomna!<\/p>\n<p>O KR\u0160ETNJU NA \u0160VEDSKOM:<\/p>\n<p><a href=\"https:\/\/www.katolskakyrkan.se\/forsamlingsliv\/dop?highlight=anmalan%20om%20dop\">https:\/\/www.katolskakyrkan.se\/forsamlingsliv\/dop?highlight=anmalan%20om%20dop<\/a><\/p>\n<p><a href=\"https:\/\/www.katolskakyrkan.se\/media\/1462\/10604-ha-fte-dopet-swe-korr-2015-06-12.pdf\">https:\/\/www.katolskakyrkan.se\/media\/1462\/10604-ha-fte-dopet-swe-korr-2015-06-12.pdf<\/a><\/p>\n<p><a href=\"https:\/\/www.katolskakyrkan.se\/media\/1074\/dopet-eng-webb.pdf\">https:\/\/www.katolskakyrkan.se\/media\/1074\/dopet-eng-webb.pdf<\/a><\/p>\n<hr \/>\n\n\n<div class=\"wp-block-media-text alignwide is-stacked-on-mobile\"><figure class=\"wp-block-media-text__media\"><img fetchpriority=\"high\" decoding=\"async\" width=\"927\" height=\"515\" src=\"https:\/\/hkmgoteborg.se\/wp-content\/uploads\/2020\/09\/krstionica_viseslav2-280616-edited.jpg\" alt=\"\" class=\"wp-image-2969 size-full\" srcset=\"https:\/\/hkmgoteborg.se\/wp-content\/uploads\/2020\/09\/krstionica_viseslav2-280616-edited.jpg 927w, https:\/\/hkmgoteborg.se\/wp-content\/uploads\/2020\/09\/krstionica_viseslav2-280616-edited-300x167.jpg 300w, https:\/\/hkmgoteborg.se\/wp-content\/uploads\/2020\/09\/krstionica_viseslav2-280616-edited-768x427.jpg 768w, https:\/\/hkmgoteborg.se\/wp-content\/uploads\/2020\/09\/krstionica_viseslav2-280616-edited-500x278.jpg 500w\" sizes=\"(max-width: 927px) 100vw, 927px\" \/><\/figure><div class=\"wp-block-media-text__content\">\n<p class=\"has-normal-font-size\"><a href=\"https:\/\/www.youtube.com\/watch?v=uKbFWKG-Ncw\" target=\"_blank\" rel=\"noreferrer noopener\">https:\/\/www.youtube.com\/watch?v=uKbFWKG-Ncw<\/a><\/p>\n\n\n\n<p>VI\u0160ESLAVOVA KRSTIONICA<\/p>\n<\/div><\/div>\n","protected":false},"excerpt":{"rendered":"<p>U pripravi za sakrament neizostavno je poha\u0111anje svete mise. DIGITALNA PRIJAVA ZA KR\u0160TENJE (kliknite na poveznicu\/link i ispunite mobitelom. Roditelji koji \u017eele krstiti dijete trebaju se javiti ranije kako bismo mogli na vrijeme rezervirati crkvu tj. dobiti termin. S obzirom da i druge zajednice koriste crkvu\/e potrebno je na vrijeme rezervirati istu. Roditelji se mogu [&hellip;]<\/p>\n","protected":false},"author":1,"featured_media":0,"parent":0,"menu_order":0,"comment_status":"closed","ping_status":"closed","template":"","meta":{"footnotes":""},"class_list":["post-101","page","type-page","status-publish","hentry"],"_links":{"self":[{"href":"https:\/\/hkmgoteborg.se\/index.php?rest_route=\/wp\/v2\/pages\/101","targetHints":{"allow":["GET"]}}],"collection":[{"href":"https:\/\/hkmgoteborg.se\/index.php?rest_route=\/wp\/v2\/pages"}],"about":[{"href":"https:\/\/hkmgoteborg.se\/index.php?rest_route=\/wp\/v2\/types\/page"}],"author":[{"embeddable":true,"href":"https:\/\/hkmgoteborg.se\/index.php?rest_route=\/wp\/v2\/users\/1"}],"replies":[{"embeddable":true,"href":"https:\/\/hkmgoteborg.se\/index.php?rest_route=%2Fwp%2Fv2%2Fcomments&post=101"}],"version-history":[{"count":90,"href":"https:\/\/hkmgoteborg.se\/index.php?rest_route=\/wp\/v2\/pages\/101\/revisions"}],"predecessor-version":[{"id":5311,"href":"https:\/\/hkmgoteborg.se\/index.php?rest_route=\/wp\/v2\/pages\/101\/revisions\/5311"}],"wp:attachment":[{"href":"https:\/\/hkmgoteborg.se\/index.php?rest_route=%2Fwp%2Fv2%2Fmedia&parent=101"}],"curies":[{"name":"wp","href":"https:\/\/api.w.org\/{rel}","templated":true}]}}