{"id":2508,"date":"2020-04-13T20:39:27","date_gmt":"2020-04-13T19:39:27","guid":{"rendered":"https:\/\/hkmgoteborg.se\/?page_id=2508"},"modified":"2025-11-15T23:50:48","modified_gmt":"2025-11-15T21:50:48","slug":"boras","status":"publish","type":"page","link":"https:\/\/hkmgoteborg.se\/?page_id=2508","title":{"rendered":"BOR\u00c5S"},"content":{"rendered":"\n<p class=\"has-white-color has-text-color has-background\" style=\"background-color:#ec800d;font-size:18px\"><span style=\"color: #800000;\"><strong>BOR\u00c5S &#8211;&nbsp;<\/strong><a rel=\"noreferrer noopener\" href=\"https:\/\/www.google.se\/maps\/place\/St.+Sigfrid+CATHOLIC+CHURCH+IN+BOR%C3%85S\/@57.7216823,12.9020781,17z\/data=!3m1!4b1!4m5!3m4!1s0x465aa75c6558cd81:0x7ad07ea9504e3b2a!8m2!3d57.7216823!4d12.9042669?hl=hr&amp;authuser=0\" target=\"_blank\">ADRESA CRKVE S:t Sigfrids Katolska F\u00f6rsamling<\/a><\/span><\/p>\n\n\n\n<figure class=\"wp-block-image size-large is-resized\"><img fetchpriority=\"high\" decoding=\"async\" width=\"1024\" height=\"559\" src=\"https:\/\/hkmgoteborg.se\/wp-content\/uploads\/2020\/05\/2DF44071-EB3D-4FC2-88CA-CC817BC92CCD-1024x559.png\" alt=\"\" class=\"wp-image-2724\" style=\"width:408px;height:223px\" srcset=\"https:\/\/hkmgoteborg.se\/wp-content\/uploads\/2020\/05\/2DF44071-EB3D-4FC2-88CA-CC817BC92CCD-1024x559.png 1024w, https:\/\/hkmgoteborg.se\/wp-content\/uploads\/2020\/05\/2DF44071-EB3D-4FC2-88CA-CC817BC92CCD-300x164.png 300w, https:\/\/hkmgoteborg.se\/wp-content\/uploads\/2020\/05\/2DF44071-EB3D-4FC2-88CA-CC817BC92CCD-768x419.png 768w, https:\/\/hkmgoteborg.se\/wp-content\/uploads\/2020\/05\/2DF44071-EB3D-4FC2-88CA-CC817BC92CCD-500x273.png 500w, https:\/\/hkmgoteborg.se\/wp-content\/uploads\/2020\/05\/2DF44071-EB3D-4FC2-88CA-CC817BC92CCD.png 1100w\" sizes=\"(max-width: 1024px) 100vw, 1024px\" \/><figcaption class=\"wp-element-caption\"><strong>GE DIN KOLLEKT VIA SWISH nummer eller anv\u00e4nd QR-koden h\u00e4r intill.<br>Od srca hvala na Va\u0161em daru. Hj\u00e4rtligt tack f\u00f6r dessa g\u00e5vor.<\/strong><\/figcaption><\/figure>\n\n\n\n<p><span style=\"color: #333399;\"><strong><em>Misa je svake 2. i 4. nedjelje u mjesecu u 13:00 sati.<\/em><\/strong><\/span><\/p>\n\n\n\n<p class=\"has-text-color\" style=\"color:#a31200\"><strong>VJERONAUK PRIJE MISE-ulaz s lijeve strane crkve-kraj gara\u017ee, dolje po drvenim stepenicama.<\/strong><\/p>\n\n\n\n<p><strong>2025.<\/strong><\/p>\n\n\n\n<p><strong>Raspored misa \u2013 Bor\u00e5s (23.8.2025. \u2013 31.12.2025.)<\/strong><\/p>\n\n\n\n<p>Listopad:<\/p>\n\n\n\n<ul class=\"wp-block-list\">\n<li>Nedjelja, 12.10. \u2013 u 13:00 <\/li>\n\n\n\n<li>Nedjelja, 26.10. \u2013 u 13:00 <\/li>\n<\/ul>\n\n\n\n<p>Studeni:<\/p>\n\n\n\n<ul class=\"wp-block-list\">\n<li>Nedjelja, 09.11. \u2013 u 13:00 <\/li>\n\n\n\n<li>Nedjelja, 23.11. \u2013 u 13:00 <\/li>\n<\/ul>\n\n\n\n<p>Prosinac:<\/p>\n\n\n\n<ul class=\"wp-block-list\">\n<li><strong>Srijeda, 10. 12. u 17:00 ISPOVIJED<\/strong><\/li>\n\n\n\n<li>Nedjelja, 14.12. \u2013 u 13:00 <\/li>\n\n\n\n<li>BO\u017dI\u0106, 25.12. u 13:00<\/li>\n\n\n\n<li>Nedjelja, 28.12. \u2013 u 13:00 <\/li>\n<\/ul>\n","protected":false},"excerpt":{"rendered":"<p>BOR\u00c5S &#8211;&nbsp;ADRESA CRKVE S:t Sigfrids Katolska F\u00f6rsamling Misa je svake 2. i 4. nedjelje u mjesecu u 13:00 sati. VJERONAUK PRIJE MISE-ulaz s lijeve strane crkve-kraj gara\u017ee, dolje po drvenim stepenicama. 2025. Raspored misa \u2013 Bor\u00e5s (23.8.2025. \u2013 31.12.2025.) Listopad: Studeni: Prosinac:<\/p>\n","protected":false},"author":1,"featured_media":0,"parent":0,"menu_order":0,"comment_status":"closed","ping_status":"closed","template":"","meta":{"footnotes":""},"class_list":["post-2508","page","type-page","status-publish","hentry"],"_links":{"self":[{"href":"https:\/\/hkmgoteborg.se\/index.php?rest_route=\/wp\/v2\/pages\/2508","targetHints":{"allow":["GET"]}}],"collection":[{"href":"https:\/\/hkmgoteborg.se\/index.php?rest_route=\/wp\/v2\/pages"}],"about":[{"href":"https:\/\/hkmgoteborg.se\/index.php?rest_route=\/wp\/v2\/types\/page"}],"author":[{"embeddable":true,"href":"https:\/\/hkmgoteborg.se\/index.php?rest_route=\/wp\/v2\/users\/1"}],"replies":[{"embeddable":true,"href":"https:\/\/hkmgoteborg.se\/index.php?rest_route=%2Fwp%2Fv2%2Fcomments&post=2508"}],"version-history":[{"count":127,"href":"https:\/\/hkmgoteborg.se\/index.php?rest_route=\/wp\/v2\/pages\/2508\/revisions"}],"predecessor-version":[{"id":6452,"href":"https:\/\/hkmgoteborg.se\/index.php?rest_route=\/wp\/v2\/pages\/2508\/revisions\/6452"}],"wp:attachment":[{"href":"https:\/\/hkmgoteborg.se\/index.php?rest_route=%2Fwp%2Fv2%2Fmedia&parent=2508"}],"curies":[{"name":"wp","href":"https:\/\/api.w.org\/{rel}","templated":true}]}}