{"id":420,"date":"2017-11-14T10:21:45","date_gmt":"2017-11-14T09:21:45","guid":{"rendered":"http:\/\/hkmgoteborg.se\/?page_id=420"},"modified":"2025-12-04T21:20:18","modified_gmt":"2025-12-04T19:20:18","slug":"zenidba-vjencanje","status":"publish","type":"page","link":"https:\/\/hkmgoteborg.se\/?page_id=420","title":{"rendered":"PRIPRAVA ZA BRAK-\u00c4ktenskapskurs"},"content":{"rendered":"<h4><\/h4>\n<h4><strong>\u017denidbeni postupak (dokumenti) radi se ili u \u017eupi sa \u017eupnikom, ili u misiji s rektorom misije! Originalni dokumenti, potrebni za \u017eenidbeni postupak, ne mogu se slati mailom ili SMS-om u JPG\/PDF formatu i tako zamijeniti ORIGINALE. U postupku je potreban VLASTORU\u010cNI POTPIS zaru\u010dnika i pravovremena komunikacija.\u00a0<\/strong><\/h4>\n<p>UKOLIKO JE VJEN\u010cANJE U HRVATSKOJ ili u nekoj drugoj zemlji, POSTUPAK SE RADI U \u0160VEDSKOJ NA ENGLESKOM JEZIKU i sva dokumentacija se \u0161alje. Ukoliko ste se preselili nedavno u \u0160vedsku, i \u017eivite du\u017ee od 3 mjeseca u \u0160vedskoj, PRIPADATE biskupiji Stockholm i ona je nadle\u017ena za svu dokumentaciju te se trebate upisati u Katoli\u010dku crkvu u \u0160vedskoj.<\/p>\n<h4><strong>Za eventualne nejasno\u0107e ili pravna pitanja u vezi \u017eenidbe u \u0160vedskoj ili izvan \u0160vedske,(Hrvatska, BiH), potrebno je razgovarati sa \u0111akonom ili sve\u0107enikom osobno i na vrijeme.<\/strong><\/h4>\n<h4><\/h4>\n<h4 class=\"p1\" style=\"text-align: left;\"><strong><span style=\"color: #800000;\">PRIPRAVA ZA BRAK 2026.\u00a0<\/span><\/strong><\/h4>\n<h4><strong><span style=\"color: #ff6600;\">U pripravi za sakrament neizostavno je poha\u0111anje svete mise.<\/span><\/strong><\/h4>\n<h4><\/h4>\n<h4><span style=\"color: #ff0000;\"><strong>OVDJE SE PRIJAVITE!<\/strong><\/span><\/h4>\n<div><\/div>\n<h4><strong><span style=\"color: #333333;\">Voditelj: Tomislav Kne\u017eevi\u0107, \u0111akon<\/span><\/strong><\/h4>\n<h4><span style=\"color: #333333;\"><em>Jezik pripreme: \u0161vedski ili hrvatski<\/em><\/span><br \/>\n<span style=\"color: #333333;\"><em>Napomena: zajedni\u010dki susreti odvijaju se u G\u00f6teborgu.<\/em><\/span><\/h4>\n<h1><\/h1>\n<h1>Zaru\u010dni\u010dki te\u010daj na hrvatskom jeziku 2026<\/h1>\n<p>Datum f\u00f6r respektive svenska och kroatiska kurser \u00e4r f\u00f6ljande<\/p>\n<p><strong>Kurs p\u00e5 svenska 24\/2, 3\/3, 10\/3, 17\/3, 24\/3<\/strong><\/p>\n<p>Link f\u00f6r anm\u00e4lan p\u00e5 Bildas hemsida\u00a0\u00a0\u00a0<a href=\"https:\/\/www.bilda.nu\/aktenskapskurssvenska2026\">https:\/\/www.bilda.nu\/aktenskapskurssvenska2026<\/a><\/p>\n<p><strong>Kurs p\u00e5 kroatiska\u00a0 26\/2, 5\/3, 12\/3, 19\/3, 26\/3<\/strong><\/p>\n<p>Link f\u00f6r anm\u00e4lan p\u00e5 Bildas hemsida\u00a0<a href=\"https:\/\/www.bilda.nu\/aktenskapskurskroatiska2026\">https:\/\/www.bilda.nu\/aktenskapskurskroatiska2026<\/a><\/p>\n<p>Ansvarig pr\u00e4st: d. Tomislav Knezevic\u00a0<a href=\"mailto:tomislav@kristuskonungen.se\" target=\"_blank\" rel=\"noopener\" data-external=\"true\">tomislav@kristuskonungen.se<\/a><\/p>\n<p><strong>Za eventualne nejasno\u0107e ili pravna pitanja u vezi \u017eenidbe u \u0160vedskoj ili izvan \u0160vedske,(Hrvatska, BiH), potrebno je razgovarati sa \u0111akonom ili sve\u0107enikom osobno i na vrijeme.<\/strong><\/p>\n<h4><\/h4>\n<p><a href=\"http:\/\/www.katolskakyrkan.se\/media\/1079\/gifta-oss-eng-webb.pdf\">http:\/\/www.katolskakyrkan.se\/media\/1079\/gifta-oss-eng-webb.pdf<\/a><\/p>\n<p><a href=\"http:\/\/www.katolskakyrkan.se\/media\/1080\/gifta-oss-sv-webb.pdf\">http:\/\/www.katolskakyrkan.se\/media\/1080\/gifta-oss-sv-webb.pdf<\/a><\/p>\n<div>\n<div class=\"nH\">\n<div class=\"nH\">\n<div class=\"nH bkL\">\n<div class=\"no\">\n<div class=\"nH bkK nn\">\n<div class=\"nH\">\n<div class=\"nH\">\n<div class=\"nH ar4 z\">\n<div class=\"aeI\">\n<div class=\"AO\">\n<div id=\":4\" class=\"Tm aeJ bt0\">\n<div id=\":2\" class=\"aeF\">\n<div class=\"nH\">\n<div class=\"nH\" role=\"main\">\n<div class=\"nH g\"><\/div>\n<\/div>\n<\/div>\n<\/div>\n<\/div>\n<\/div>\n<\/div>\n<\/div>\n<\/div>\n<\/div>\n<\/div>\n<\/div>\n<\/div>\n<\/div>\n<\/div>\n<\/div>\n","protected":false},"excerpt":{"rendered":"<p>\u017denidbeni postupak (dokumenti) radi se ili u \u017eupi sa \u017eupnikom, ili u misiji s rektorom misije! Originalni dokumenti, potrebni za \u017eenidbeni postupak, ne mogu se slati mailom ili SMS-om u JPG\/PDF formatu i tako zamijeniti ORIGINALE. U postupku je potreban VLASTORU\u010cNI POTPIS zaru\u010dnika i pravovremena komunikacija.\u00a0 UKOLIKO JE VJEN\u010cANJE U HRVATSKOJ ili u nekoj drugoj [&hellip;]<\/p>\n","protected":false},"author":1,"featured_media":0,"parent":0,"menu_order":0,"comment_status":"closed","ping_status":"closed","template":"","meta":{"footnotes":""},"class_list":["post-420","page","type-page","status-publish","hentry"],"_links":{"self":[{"href":"https:\/\/hkmgoteborg.se\/index.php?rest_route=\/wp\/v2\/pages\/420","targetHints":{"allow":["GET"]}}],"collection":[{"href":"https:\/\/hkmgoteborg.se\/index.php?rest_route=\/wp\/v2\/pages"}],"about":[{"href":"https:\/\/hkmgoteborg.se\/index.php?rest_route=\/wp\/v2\/types\/page"}],"author":[{"embeddable":true,"href":"https:\/\/hkmgoteborg.se\/index.php?rest_route=\/wp\/v2\/users\/1"}],"replies":[{"embeddable":true,"href":"https:\/\/hkmgoteborg.se\/index.php?rest_route=%2Fwp%2Fv2%2Fcomments&post=420"}],"version-history":[{"count":57,"href":"https:\/\/hkmgoteborg.se\/index.php?rest_route=\/wp\/v2\/pages\/420\/revisions"}],"predecessor-version":[{"id":6511,"href":"https:\/\/hkmgoteborg.se\/index.php?rest_route=\/wp\/v2\/pages\/420\/revisions\/6511"}],"wp:attachment":[{"href":"https:\/\/hkmgoteborg.se\/index.php?rest_route=%2Fwp%2Fv2%2Fmedia&parent=420"}],"curies":[{"name":"wp","href":"https:\/\/api.w.org\/{rel}","templated":true}]}}