{"id":7087,"date":"2025-12-20T21:39:45","date_gmt":"2025-12-20T20:39:45","guid":{"rendered":"https:\/\/hkmgoteborg.se\/?page_id=7087"},"modified":"2025-12-20T22:28:52","modified_gmt":"2025-12-20T21:28:52","slug":"o-misiji","status":"publish","type":"page","link":"https:\/\/hkmgoteborg.se\/?page_id=7087","title":{"rendered":"O misiji"},"content":{"rendered":"\t\t<div data-elementor-type=\"wp-page\" data-elementor-id=\"7087\" class=\"elementor elementor-7087\" data-elementor-post-type=\"page\">\n\t\t\t\t\t\t<section class=\"elementor-section elementor-top-section elementor-element elementor-element-360892f4 elementor-section-height-min-height elementor-section-boxed elementor-section-height-default elementor-section-items-middle\" data-id=\"360892f4\" data-element_type=\"section\" data-e-type=\"section\" data-settings=\"{&quot;background_background&quot;:&quot;slideshow&quot;,&quot;background_slideshow_gallery&quot;:[{&quot;id&quot;:1832,&quot;url&quot;:&quot;https:\\\/\\\/hkmgoteborg.se\\\/wp-content\\\/uploads\\\/2017\\\/10\\\/cropped-podloga-AS-8.jpg&quot;},{&quot;id&quot;:2984,&quot;url&quot;:&quot;https:\\\/\\\/hkmgoteborg.se\\\/wp-content\\\/uploads\\\/2017\\\/10\\\/cropped-podloga-AS-9.jpg&quot;}],&quot;background_slideshow_ken_burns&quot;:&quot;yes&quot;,&quot;background_slideshow_transition_duration&quot;:5000,&quot;background_slideshow_loop&quot;:&quot;yes&quot;,&quot;background_slideshow_slide_duration&quot;:5000,&quot;background_slideshow_slide_transition&quot;:&quot;fade&quot;,&quot;background_slideshow_ken_burns_zoom_direction&quot;:&quot;in&quot;}\">\n\t\t\t\t\t\t\t<div class=\"elementor-background-overlay\"><\/div>\n\t\t\t\t\t\t\t<div class=\"elementor-container elementor-column-gap-default\">\n\t\t\t\t\t<div class=\"elementor-column elementor-col-100 elementor-top-column elementor-element elementor-element-4f4f396e\" data-id=\"4f4f396e\" data-element_type=\"column\" data-e-type=\"column\">\n\t\t\t<div class=\"elementor-widget-wrap elementor-element-populated\">\n\t\t\t\t\t\t<div class=\"elementor-element elementor-element-236bd8db elementor-widget elementor-widget-heading\" data-id=\"236bd8db\" data-element_type=\"widget\" data-e-type=\"widget\" data-widget_type=\"heading.default\">\n\t\t\t\t<div class=\"elementor-widget-container\">\n\t\t\t\t\t<h2 class=\"elementor-heading-title elementor-size-default\">O misiji<\/h2>\t\t\t\t<\/div>\n\t\t\t\t<\/div>\n\t\t\t\t\t<\/div>\n\t\t<\/div>\n\t\t\t\t\t<\/div>\n\t\t<\/section>\n\t\t\t\t<section class=\"elementor-section elementor-top-section elementor-element elementor-element-709a0ab elementor-section-boxed elementor-section-height-default elementor-section-height-default\" data-id=\"709a0ab\" data-element_type=\"section\" data-e-type=\"section\">\n\t\t\t\t\t\t<div class=\"elementor-container elementor-column-gap-default\">\n\t\t\t\t\t<div class=\"elementor-column elementor-col-50 elementor-top-column elementor-element elementor-element-55817c9d\" data-id=\"55817c9d\" data-element_type=\"column\" data-e-type=\"column\">\n\t\t\t<div class=\"elementor-widget-wrap elementor-element-populated\">\n\t\t\t\t\t\t<div class=\"elementor-element elementor-element-4e9edee6 elementor-widget elementor-widget-image\" data-id=\"4e9edee6\" data-element_type=\"widget\" data-e-type=\"widget\" data-widget_type=\"image.default\">\n\t\t\t\t<div class=\"elementor-widget-container\">\n\t\t\t\t\t\t\t\t\t\t\t\t\t\t\t<img fetchpriority=\"high\" decoding=\"async\" width=\"800\" height=\"400\" src=\"https:\/\/hkmgoteborg.se\/wp-content\/uploads\/2020\/03\/Artboard-1@300x-1024x512.png\" class=\"attachment-large size-large wp-image-6548\" alt=\"\" srcset=\"https:\/\/hkmgoteborg.se\/wp-content\/uploads\/2020\/03\/Artboard-1@300x-1024x512.png 1024w, https:\/\/hkmgoteborg.se\/wp-content\/uploads\/2020\/03\/Artboard-1@300x-300x150.png 300w, https:\/\/hkmgoteborg.se\/wp-content\/uploads\/2020\/03\/Artboard-1@300x-768x384.png 768w, https:\/\/hkmgoteborg.se\/wp-content\/uploads\/2020\/03\/Artboard-1@300x.png 1250w\" sizes=\"(max-width: 800px) 100vw, 800px\" \/>\t\t\t\t\t\t\t\t\t\t\t\t\t\t\t<\/div>\n\t\t\t\t<\/div>\n\t\t\t\t\t<\/div>\n\t\t<\/div>\n\t\t\t\t<div class=\"elementor-column elementor-col-50 elementor-top-column elementor-element elementor-element-303a9531\" data-id=\"303a9531\" data-element_type=\"column\" data-e-type=\"column\" data-settings=\"{&quot;background_background&quot;:&quot;classic&quot;}\">\n\t\t\t<div class=\"elementor-widget-wrap elementor-element-populated\">\n\t\t\t\t\t\t<div class=\"elementor-element elementor-element-175f3caf elementor-widget__width-initial elementor-widget elementor-widget-text-editor\" data-id=\"175f3caf\" data-element_type=\"widget\" data-e-type=\"widget\" data-widget_type=\"text-editor.default\">\n\t\t\t\t<div class=\"elementor-widget-container\">\n\t\t\t\t\t\t\t\t\t<p>Hrvatska katoli\u010dka misija G\u00f6teborg djeluje na podru\u010dju biskupije Stockholm, sa sredi\u0161tem u G\u00f6teborgu, jednom od najva\u017enijih gradova zapadne \u0160vedske. Misija danas okuplja oko 2.500-3000 vjernika te pastoralno obuhva\u0107a i \u0161ire podru\u010dje zapadne \u0160vedske, uklju\u010duju\u0107i Trollh\u00e4ttan, Bor\u00e5s, Sk\u00f6vde, Alings\u00e5s i Halmstad. Djelovanje Misije prote\u017ee se na podru\u010dju pribli\u017eno 150\u2013200 km od G\u00f6teborga.<\/p><p>Po\u010deci Misije se\u017eu u jesen 1969., kada u \u0160vedsku dolazi dominikanac o. Vjekoslav Lasi\u0107, zadu\u017een za pastoralnu skrb Hrvata u cijeloj Skandinaviji. Uvodi mjese\u010dne svete mise u ve\u0107im \u0161vedskim gradovima, me\u0111u njima i u G\u00f6teborgu, \u010dime zapo\u010dinje organizirani pastoralni \u017eivot Hrvatske katoli\u010dke misije G\u00f6teborg.<\/p><p>Krajem 1973. Misiju preuzima sve\u0107enik Zagreba\u010dke nadbiskupije vl\u010d. Franjo Prstec (1973.\u20131992.). Za njegova slu\u017eenja pastoral se dodatno \u0161iri: svete mise organiziraju se u svim mjestima gdje \u017eive Hrvati katolici, a u G\u00f6teborgu se uvodi sustavni vjeronauk za sve uzraste; u drugim gradovima kateheza se odr\u017eava prije ili poslije mise.<\/p><p>Od 1992. do 2010. Misiju vodi vl\u010d. Stipo \u0160o\u0161i\u0107, sve\u0107enik Banjolu\u010dke biskupije. U vrijeme rata u Bosni i Hercegovini bio je uhi\u0107en te je pro\u0161ao kroz logore Keraterm, Omarska i Manja\u010da. Nakon zato\u010deni\u0161tva pu\u0161ten je na slobodu i lije\u010dio se u Opatiji i Zagrebu, a iste godine dolazi u G\u00f6teborg te preuzima pastoralnu brigu za Hrvate katolike zapadne \u0160vedske. Svoje ratno iskustvo opisao je u knjigama \u201eDo pakla i natrag\u201c i \u201eBanjolu\u010dkom Timoteju\u201c.<\/p><p>Nakon zavr\u0161etka njegova slu\u017eenja, obilje\u017eenog te\u0161kom bole\u0161\u0107u, od 2010. do 2015. Misiju vodi don Ilija Janji\u0107, sve\u0107enik Dubrova\u010dke biskupije, a od 2015. do danas Hrvatsku katoli\u010dku misiju G\u00f6teborg vodi Mladen Vuk, sve\u0107enik Vara\u017edinske biskupije.<\/p><p>Misija nije \u017eupa u kanonsko-pravnom smislu, nego djeluje kao posebna pastoralna ustanova za vjernike hrvatskoga jezi\u010dnog podru\u010dja na teritoriju biskupije Stockholm. Bogoslu\u017eja i pastoralne aktivnosti ostvaruju se u katoli\u010dkim crkvama i kapelama na podru\u010dju biskupije, prema raspolo\u017eivosti i dogovorenim terminima. Gdje je potrebno, Misija se slu\u017ei i crkvenim prostorima koji se ustupaju na kori\u0161tenje od strane \u0160vedske evangeli\u010dko-luteranske crkve (Svenska kyrkan), temeljem me\u0111usobnih dogovora i u skladu s pastoralnim potrebama.<\/p><p>U okviru Stockholmske katoli\u010dke biskupije djeluju 44 \u017eupe, a uz njih i brojne nacionalne misije koje slave liturgiju i organiziraju pastoral na pojedinim jezicima.<\/p><p>U G\u00f6teborgu djeluju i dva hrvatska kluba, HD Velebit i HD Croatia Katarina Zrinski, koji prema mogu\u0107nostima pru\u017eaju Misiji podr\u0161ku te joj, kada je potrebno, stavljaju na raspolaganje svoje prostore i logisti\u010dku pomo\u0107. Budu\u0107i da Misija ne raspola\u017ee vlastitim prostorijama, ova suradnja predstavlja va\u017ean doprinos organizaciji pastoralnih i zajedni\u010dkih susreta, osobito prigodom ve\u0107ih okupljanja i tradicionalnih proslava, kao \u0161to su proslava sv. Nikole i Maj\u010dinog dana.<\/p><p>\u00a0<\/p>\t\t\t\t\t\t\t\t<\/div>\n\t\t\t\t<\/div>\n\t\t\t\t\t<\/div>\n\t\t<\/div>\n\t\t\t\t\t<\/div>\n\t\t<\/section>\n\t\t\t\t<\/div>\n\t\t","protected":false},"excerpt":{"rendered":"<p>Hrvatska katoli\u010dka misija G\u00f6teborg djeluje na podru\u010dju biskupije Stockholm, sa sredi\u0161tem u G\u00f6teborgu, jednom od najva\u017enijih gradova zapadne \u0160vedske. Misija danas okuplja oko 2.500-3000 vjernika te pastoralno obuhva\u0107a i \u0161ire podru\u010dje zapadne \u0160vedske, uklju\u010duju\u0107i Trollh\u00e4ttan, Bor\u00e5s, Sk\u00f6vde, Alings\u00e5s i Halmstad. Djelovanje Misije prote\u017ee se na podru\u010dju pribli\u017eno 150\u2013200 km od G\u00f6teborga. Po\u010deci Misije se\u017eu u [&hellip;]<\/p>\n","protected":false},"author":1,"featured_media":0,"parent":0,"menu_order":0,"comment_status":"closed","ping_status":"closed","template":"","meta":{"footnotes":""},"class_list":["post-7087","page","type-page","status-publish","hentry"],"_links":{"self":[{"href":"https:\/\/hkmgoteborg.se\/index.php?rest_route=\/wp\/v2\/pages\/7087","targetHints":{"allow":["GET"]}}],"collection":[{"href":"https:\/\/hkmgoteborg.se\/index.php?rest_route=\/wp\/v2\/pages"}],"about":[{"href":"https:\/\/hkmgoteborg.se\/index.php?rest_route=\/wp\/v2\/types\/page"}],"author":[{"embeddable":true,"href":"https:\/\/hkmgoteborg.se\/index.php?rest_route=\/wp\/v2\/users\/1"}],"replies":[{"embeddable":true,"href":"https:\/\/hkmgoteborg.se\/index.php?rest_route=%2Fwp%2Fv2%2Fcomments&post=7087"}],"version-history":[{"count":13,"href":"https:\/\/hkmgoteborg.se\/index.php?rest_route=\/wp\/v2\/pages\/7087\/revisions"}],"predecessor-version":[{"id":7178,"href":"https:\/\/hkmgoteborg.se\/index.php?rest_route=\/wp\/v2\/pages\/7087\/revisions\/7178"}],"wp:attachment":[{"href":"https:\/\/hkmgoteborg.se\/index.php?rest_route=%2Fwp%2Fv2%2Fmedia&parent=7087"}],"curies":[{"name":"wp","href":"https:\/\/api.w.org\/{rel}","templated":true}]}}