{"id":82,"date":"2017-08-28T15:45:37","date_gmt":"2017-08-28T14:45:37","guid":{"rendered":"http:\/\/hkmgoteborg.se\/?page_id=82"},"modified":"2025-12-01T10:00:02","modified_gmt":"2025-12-01T08:00:02","slug":"vjeronauk","status":"publish","type":"page","link":"https:\/\/hkmgoteborg.se\/?page_id=82","title":{"rendered":"VJERONAUK"},"content":{"rendered":"\n<p class=\"has-text-color has-link-color wp-elements-b2b799d1efc3dd947860a8e6fbfb8d06\" style=\"color:#b90202\"><strong>OBS! U pripravi za sakramente neizostavno je poha\u0111anje sv. mise. <\/strong> <\/p>\n\n\n\n<p><strong>G\u00f6teborg: Petak 12\/12 u 18:30 Krizmanici<\/strong><\/p>\n\n\n\n<p><strong>G\u00f6teborg: Subota 13\/12 u 10:00 Prvopri\u010desnici<\/strong><\/p>\n\n\n\n<p><mark style=\"background-color:rgba(0, 0, 0, 0)\" class=\"has-inline-color has-blue-color\"><strong>TERMINI PRVE PRI\u010cESTI U MISIJI<\/strong> <strong>2026.<\/strong><\/mark><\/p>\n\n\n\n<ul class=\"wp-block-list\">\n<li><strong>Halmstad, 3\/5\/2026<\/strong><\/li>\n\n\n\n<li><strong>Trollh\u00e4ttan, 9\/5\/2026<\/strong><\/li>\n\n\n\n<li><strong>Bor\u00e5s, 10\/5\/2026<\/strong><\/li>\n\n\n\n<li><strong>Sk\u00f6vde, 17\/5\/2026<\/strong><\/li>\n\n\n\n<li><strong>G\u00f6teborg, 30\/5\/2026<\/strong><\/li>\n<\/ul>\n\n\n\n<p><strong><mark style=\"background-color:#e2e2e2;color:#d11919\" class=\"has-inline-color\">SVETA POTVRDA\/KONFIRMATION \u0107e biti u subotu, 16. 5. 2026. u G\u00f6teborgu. Krizmatelj: kardinal Anders Arborelius<\/mark><\/strong><\/p>\n\n\n\n<div class=\"wp-block-buttons is-layout-flex wp-block-buttons-is-layout-flex\">\n<div class=\"wp-block-button\"><a class=\"wp-block-button__link wp-element-button\" href=\"https:\/\/forms.gle\/AB7NVGKgRWWhyy2a7\">UPIS VJEROU\u010cENIKA 2025\/2026<\/a><\/div>\n<\/div>\n\n\n\n<p class=\"has-background\" style=\"background-color:#dbce63\"><mark style=\"background-color:rgba(0, 0, 0, 0);color:#bd3131\" class=\"has-inline-color\"><strong>Obitelji koje nisu upisane u Katoli\u010dku Crkvu u \u0160vedskoj trebaju to u\u010diniti. Ispuniti dokument KYRKOAVGIFT <\/strong>: <a href=\"https:\/\/hkmgoteborg.se\/?page_id=327\" target=\"_blank\" rel=\"noreferrer noopener\">https:\/\/hkmgoteborg.se\/?page_id=327<\/a><\/mark><\/p>\n\n\n\n<div class=\"wp-block-group is-layout-flow wp-block-group-is-layout-flow\">\n<p><strong>G\u00d6TEBORG<\/strong><\/p>\n\n\n\n<p>Vjeronauk u G\u00f6teborgu je uvijek 2.,3.,i 4. vikend u mjesecu! Prvi petak\/subota u mjesecu nema vjeronauka jer je misa u subotu 10 sati za sve vjerou\u010denike.<\/p>\n<\/div>\n\n\n\n<div data-wp-interactive=\"core\/file\" class=\"wp-block-file\"><object data-wp-bind--hidden=\"!state.hasPdfPreview\" hidden class=\"wp-block-file__embed\" data=\"https:\/\/hkmgoteborg.se\/wp-content\/uploads\/2024\/03\/01-DH210-Anmalan-om-konfirmation.pdf\" type=\"application\/pdf\" style=\"width:100%;height:600px\" aria-label=\"Ugra\u0111eno 01-DH210-Anmalan-om-konfirmation.\"><\/object><a id=\"wp-block-file--media-1bfbf7fb-0c14-4479-a24d-80c2daab98f1\" href=\"https:\/\/hkmgoteborg.se\/wp-content\/uploads\/2024\/03\/01-DH210-Anmalan-om-konfirmation.pdf\">01-DH210-Anmalan-om-konfirmation<\/a><a href=\"https:\/\/hkmgoteborg.se\/wp-content\/uploads\/2024\/03\/01-DH210-Anmalan-om-konfirmation.pdf\" class=\"wp-block-file__button wp-element-button\" download aria-describedby=\"wp-block-file--media-1bfbf7fb-0c14-4479-a24d-80c2daab98f1\">Download<\/a><\/div>\n\n\n\n<p class=\"has-blue-color has-text-color\"><strong>Ostali gradovi, zajednice imaju vjeronauk sat vremena prije mise.<\/strong><\/p>\n\n\n\n<pre class=\"wp-block-preformatted has-text-color\" style=\"color:#d81212\"><a href=\"https:\/\/www.katolskakyrkan.se\/barnskyddsombud\" target=\"_blank\" rel=\"noreferrer noopener\">https:\/\/www.katolskakyrkan.se\/barnskyddsombud<\/a><\/pre>\n\n\n\n<p><\/p>\n","protected":false},"excerpt":{"rendered":"<p>OBS! U pripravi za sakramente neizostavno je poha\u0111anje sv. mise. G\u00f6teborg: Petak 12\/12 u 18:30 Krizmanici G\u00f6teborg: Subota 13\/12 u 10:00 Prvopri\u010desnici TERMINI PRVE PRI\u010cESTI U MISIJI 2026. SVETA POTVRDA\/KONFIRMATION \u0107e biti u subotu, 16. 5. 2026. u G\u00f6teborgu. Krizmatelj: kardinal Anders Arborelius Obitelji koje nisu upisane u Katoli\u010dku Crkvu u \u0160vedskoj trebaju to u\u010diniti. [&hellip;]<\/p>\n","protected":false},"author":1,"featured_media":0,"parent":0,"menu_order":0,"comment_status":"closed","ping_status":"closed","template":"","meta":{"footnotes":""},"class_list":["post-82","page","type-page","status-publish","hentry"],"_links":{"self":[{"href":"https:\/\/hkmgoteborg.se\/index.php?rest_route=\/wp\/v2\/pages\/82","targetHints":{"allow":["GET"]}}],"collection":[{"href":"https:\/\/hkmgoteborg.se\/index.php?rest_route=\/wp\/v2\/pages"}],"about":[{"href":"https:\/\/hkmgoteborg.se\/index.php?rest_route=\/wp\/v2\/types\/page"}],"author":[{"embeddable":true,"href":"https:\/\/hkmgoteborg.se\/index.php?rest_route=\/wp\/v2\/users\/1"}],"replies":[{"embeddable":true,"href":"https:\/\/hkmgoteborg.se\/index.php?rest_route=%2Fwp%2Fv2%2Fcomments&post=82"}],"version-history":[{"count":371,"href":"https:\/\/hkmgoteborg.se\/index.php?rest_route=\/wp\/v2\/pages\/82\/revisions"}],"predecessor-version":[{"id":6476,"href":"https:\/\/hkmgoteborg.se\/index.php?rest_route=\/wp\/v2\/pages\/82\/revisions\/6476"}],"wp:attachment":[{"href":"https:\/\/hkmgoteborg.se\/index.php?rest_route=%2Fwp%2Fv2%2Fmedia&parent=82"}],"curies":[{"name":"wp","href":"https:\/\/api.w.org\/{rel}","templated":true}]}}