{"id":7117,"date":"2025-12-20T21:56:01","date_gmt":"2025-12-20T20:56:01","guid":{"rendered":"https:\/\/hkmgoteborg.se\/?page_id=7117"},"modified":"2025-12-20T22:18:23","modified_gmt":"2025-12-20T21:18:23","slug":"caritas-gava","status":"publish","type":"page","link":"https:\/\/hkmgoteborg.se\/?page_id=7117","title":{"rendered":"Caritas\/G\u00e5va"},"content":{"rendered":"\t\t<div data-elementor-type=\"wp-page\" data-elementor-id=\"7117\" class=\"elementor elementor-7117\" data-elementor-post-type=\"page\">\n\t\t\t\t\t\t<section class=\"elementor-section elementor-top-section elementor-element elementor-element-69556ecd elementor-section-height-min-height elementor-section-boxed elementor-section-height-default elementor-section-items-middle\" data-id=\"69556ecd\" data-element_type=\"section\" data-e-type=\"section\" data-settings=\"{&quot;background_background&quot;:&quot;slideshow&quot;,&quot;background_slideshow_gallery&quot;:[{&quot;id&quot;:1832,&quot;url&quot;:&quot;https:\\\/\\\/hkmgoteborg.se\\\/wp-content\\\/uploads\\\/2017\\\/10\\\/cropped-podloga-AS-8.jpg&quot;},{&quot;id&quot;:2984,&quot;url&quot;:&quot;https:\\\/\\\/hkmgoteborg.se\\\/wp-content\\\/uploads\\\/2017\\\/10\\\/cropped-podloga-AS-9.jpg&quot;}],&quot;background_slideshow_ken_burns&quot;:&quot;yes&quot;,&quot;background_slideshow_transition_duration&quot;:5000,&quot;background_slideshow_loop&quot;:&quot;yes&quot;,&quot;background_slideshow_slide_duration&quot;:5000,&quot;background_slideshow_slide_transition&quot;:&quot;fade&quot;,&quot;background_slideshow_ken_burns_zoom_direction&quot;:&quot;in&quot;}\">\n\t\t\t\t\t\t\t<div class=\"elementor-background-overlay\"><\/div>\n\t\t\t\t\t\t\t<div class=\"elementor-container elementor-column-gap-default\">\n\t\t\t\t\t<div class=\"elementor-column elementor-col-100 elementor-top-column elementor-element elementor-element-589c4ef6\" data-id=\"589c4ef6\" data-element_type=\"column\" data-e-type=\"column\">\n\t\t\t<div class=\"elementor-widget-wrap elementor-element-populated\">\n\t\t\t\t\t\t<div class=\"elementor-element elementor-element-262cb4d4 elementor-widget elementor-widget-heading\" data-id=\"262cb4d4\" data-element_type=\"widget\" data-e-type=\"widget\" data-widget_type=\"heading.default\">\n\t\t\t\t<div class=\"elementor-widget-container\">\n\t\t\t\t\t<h2 class=\"elementor-heading-title elementor-size-default\">Caritas\/G\u00e5va<\/h2>\t\t\t\t<\/div>\n\t\t\t\t<\/div>\n\t\t\t\t\t<\/div>\n\t\t<\/div>\n\t\t\t\t\t<\/div>\n\t\t<\/section>\n\t\t\t\t<section class=\"elementor-section elementor-top-section elementor-element elementor-element-412e7cdc elementor-section-boxed elementor-section-height-default elementor-section-height-default\" data-id=\"412e7cdc\" data-element_type=\"section\" data-e-type=\"section\">\n\t\t\t\t\t\t<div class=\"elementor-container elementor-column-gap-default\">\n\t\t\t\t\t<div class=\"elementor-column elementor-col-50 elementor-top-column elementor-element elementor-element-4a8e6600\" data-id=\"4a8e6600\" data-element_type=\"column\" data-e-type=\"column\">\n\t\t\t<div class=\"elementor-widget-wrap elementor-element-populated\">\n\t\t\t\t\t\t<div class=\"elementor-element elementor-element-17c40fa3 elementor-widget elementor-widget-image\" data-id=\"17c40fa3\" data-element_type=\"widget\" data-e-type=\"widget\" data-widget_type=\"image.default\">\n\t\t\t\t<div class=\"elementor-widget-container\">\n\t\t\t\t\t\t\t\t\t\t\t\t\t\t\t<img fetchpriority=\"high\" decoding=\"async\" width=\"800\" height=\"797\" src=\"https:\/\/hkmgoteborg.se\/wp-content\/uploads\/2025\/12\/caritas-vector-logo-1024x1020.png\" class=\"attachment-large size-large wp-image-7141\" alt=\"\" srcset=\"https:\/\/hkmgoteborg.se\/wp-content\/uploads\/2025\/12\/caritas-vector-logo-1024x1020.png 1024w, https:\/\/hkmgoteborg.se\/wp-content\/uploads\/2025\/12\/caritas-vector-logo-300x300.png 300w, https:\/\/hkmgoteborg.se\/wp-content\/uploads\/2025\/12\/caritas-vector-logo-150x150.png 150w, https:\/\/hkmgoteborg.se\/wp-content\/uploads\/2025\/12\/caritas-vector-logo-768x765.png 768w, https:\/\/hkmgoteborg.se\/wp-content\/uploads\/2025\/12\/caritas-vector-logo-1536x1530.png 1536w, https:\/\/hkmgoteborg.se\/wp-content\/uploads\/2025\/12\/caritas-vector-logo-2048x2041.png 2048w\" sizes=\"(max-width: 800px) 100vw, 800px\" \/>\t\t\t\t\t\t\t\t\t\t\t\t\t\t\t<\/div>\n\t\t\t\t<\/div>\n\t\t\t\t\t<\/div>\n\t\t<\/div>\n\t\t\t\t<div class=\"elementor-column elementor-col-50 elementor-top-column elementor-element elementor-element-7b7dae6a\" data-id=\"7b7dae6a\" data-element_type=\"column\" data-e-type=\"column\" data-settings=\"{&quot;background_background&quot;:&quot;classic&quot;}\">\n\t\t\t<div class=\"elementor-widget-wrap elementor-element-populated\">\n\t\t\t\t\t\t<div class=\"elementor-element elementor-element-4ee45f56 elementor-widget__width-initial elementor-widget elementor-widget-text-editor\" data-id=\"4ee45f56\" data-element_type=\"widget\" data-e-type=\"widget\" data-widget_type=\"text-editor.default\">\n\t\t\t\t<div class=\"elementor-widget-container\">\n\t\t\t\t\t\t\t\t\t<p>Caritas je crkvena humanitarna organizacija koja poma\u017ee ljudima u potrebi. Rije\u010d Caritas<br \/>dolazi iz latinskog jezika i zna\u010di ljubav, ali ne bilo kakvu \u2013 nego ljubav prema bli\u017enjemu,<br \/>koja se pokazuje djelima dobrote i solidarnosti.<br \/>Smisao Caritasa je pomagati onima koji su siroma\u0161ni, bolesni, usamljeni ili u nevolji, bez<br \/>obzira na njihovu vjeru, naciju ili podrijetlo. Caritas nas u\u010di da svatko od nas mo\u017ee u\u010diniti<br \/>dobro \u2013 osmijehom, toplom rije\u010dju, posjetom starijima, donacijom hrane ili odje\u0107e, ili<br \/>jednostavno time \u0161to \u0107e nekome pokazati da nije sam.<br \/>Kroz svoj rad, Caritas pokazuje da je vjera \u017eiva onda kada se pretvara u ljubav i djelovanje. On podsje\u0107a da Bo\u017ei\u0107, Uskrs i svaki dan u godini trebaju biti prilika da \u010dinimo<br \/>dobro i da prepoznamo Krista u svakom \u010dovjeku koji pati.<br \/>Zato je smisao Caritasa jednostavan, ali dubok: <strong>\u0161iriti ljubav, pomagati bli\u017enjemu i unositi svjetlo u svijet oko nas.<\/strong><\/p>\t\t\t\t\t\t\t\t<\/div>\n\t\t\t\t<\/div>\n\t\t\t\t<div class=\"elementor-element elementor-element-876cad8 elementor-widget__width-initial elementor-widget elementor-widget-text-editor\" data-id=\"876cad8\" data-element_type=\"widget\" data-e-type=\"widget\" data-widget_type=\"text-editor.default\">\n\t\t\t\t<div class=\"elementor-widget-container\">\n\t\t\t\t\t\t\t\t\t<p>Nakon mise u Astridsalen uz kavu i kola\u010d koji priprema Misijski odbor prikupljamo dobrovoljni prilog za Caritas.<\/p><p>I u drugim misijskim zajednicama nakon mise prilog od kave i kola\u010da namijenjen je Caritasu.<\/p><p><strong>VA\u0160 DAR ZA CARITAS MO\u017dETE UPLATITI PUTEM SWISH APLIKACIJE NA SWISH CARITAS BROJ: 1230883728<\/strong><\/p><p><strong>TAKO\u0110ER MO\u017dETE IZVR\u0160ITI UPLATU NA KONTO OD CARITASA U SEB BANKI Kroatiska Katolska Caritas Gbg 5231 11 850 63<\/strong><\/p>\t\t\t\t\t\t\t\t<\/div>\n\t\t\t\t<\/div>\n\t\t\t\t<div class=\"elementor-element elementor-element-acc3dcc elementor-widget elementor-widget-image\" data-id=\"acc3dcc\" data-element_type=\"widget\" data-e-type=\"widget\" data-widget_type=\"image.default\">\n\t\t\t\t<div class=\"elementor-widget-container\">\n\t\t\t\t\t\t\t\t\t\t\t\t\t\t\t<img decoding=\"async\" width=\"800\" height=\"436\" src=\"https:\/\/hkmgoteborg.se\/wp-content\/uploads\/2024\/12\/caritas-swish-s-logo-1024x558.png\" class=\"attachment-large size-large wp-image-6024\" alt=\"\" srcset=\"https:\/\/hkmgoteborg.se\/wp-content\/uploads\/2024\/12\/caritas-swish-s-logo-1024x558.png 1024w, https:\/\/hkmgoteborg.se\/wp-content\/uploads\/2024\/12\/caritas-swish-s-logo-300x164.png 300w, https:\/\/hkmgoteborg.se\/wp-content\/uploads\/2024\/12\/caritas-swish-s-logo-768x419.png 768w, https:\/\/hkmgoteborg.se\/wp-content\/uploads\/2024\/12\/caritas-swish-s-logo-500x273.png 500w, https:\/\/hkmgoteborg.se\/wp-content\/uploads\/2024\/12\/caritas-swish-s-logo.png 1201w\" sizes=\"(max-width: 800px) 100vw, 800px\" \/>\t\t\t\t\t\t\t\t\t\t\t\t\t\t\t<\/div>\n\t\t\t\t<\/div>\n\t\t\t\t\t<\/div>\n\t\t<\/div>\n\t\t\t\t\t<\/div>\n\t\t<\/section>\n\t\t\t\t<\/div>\n\t\t","protected":false},"excerpt":{"rendered":"<p>Caritas je crkvena humanitarna organizacija koja poma\u017ee ljudima u potrebi. Rije\u010d Caritasdolazi iz latinskog jezika i zna\u010di ljubav, ali ne bilo kakvu \u2013 nego ljubav prema bli\u017enjemu,koja se pokazuje djelima dobrote i solidarnosti.Smisao Caritasa je pomagati onima koji su siroma\u0161ni, bolesni, usamljeni ili u nevolji, bezobzira na njihovu vjeru, naciju ili podrijetlo. Caritas nas u\u010di [&hellip;]<\/p>\n","protected":false},"author":1,"featured_media":0,"parent":0,"menu_order":0,"comment_status":"closed","ping_status":"closed","template":"","meta":{"footnotes":""},"class_list":["post-7117","page","type-page","status-publish","hentry"],"_links":{"self":[{"href":"https:\/\/hkmgoteborg.se\/index.php?rest_route=\/wp\/v2\/pages\/7117","targetHints":{"allow":["GET"]}}],"collection":[{"href":"https:\/\/hkmgoteborg.se\/index.php?rest_route=\/wp\/v2\/pages"}],"about":[{"href":"https:\/\/hkmgoteborg.se\/index.php?rest_route=\/wp\/v2\/types\/page"}],"author":[{"embeddable":true,"href":"https:\/\/hkmgoteborg.se\/index.php?rest_route=\/wp\/v2\/users\/1"}],"replies":[{"embeddable":true,"href":"https:\/\/hkmgoteborg.se\/index.php?rest_route=%2Fwp%2Fv2%2Fcomments&post=7117"}],"version-history":[{"count":22,"href":"https:\/\/hkmgoteborg.se\/index.php?rest_route=\/wp\/v2\/pages\/7117\/revisions"}],"predecessor-version":[{"id":7162,"href":"https:\/\/hkmgoteborg.se\/index.php?rest_route=\/wp\/v2\/pages\/7117\/revisions\/7162"}],"wp:attachment":[{"href":"https:\/\/hkmgoteborg.se\/index.php?rest_route=%2Fwp%2Fv2%2Fmedia&parent=7117"}],"curies":[{"name":"wp","href":"https:\/\/api.w.org\/{rel}","templated":true}]}}